{"id":232,"date":"2019-07-06T09:24:11","date_gmt":"2019-07-06T09:24:11","guid":{"rendered":"https:\/\/campingplatz-nord-west.de\/friends-and-recommendations"},"modified":"2025-05-07T10:00:06","modified_gmt":"2025-05-07T10:00:06","slug":"friends-and-recommendations","status":"publish","type":"page","link":"https:\/\/campingplatz-nord-west.de\/en\/friends-and-recommendations","title":{"rendered":"Friends and recommendations"},"content":{"rendered":"\n<div style=\"height:31px\" aria-hidden=\"true\" class=\"wp-block-spacer\"><\/div>\n\n\n\n<p class=\"has-text-align-center\"><a href=\"https:\/\/the-munichs.com\/\" target=\"_blank\" rel=\"noreferrer noopener\"><img loading=\"lazy\" decoding=\"async\" width=\"472\" height=\"276\" class=\"wp-image-59\" style=\"width: 472px;\" src=\"https:\/\/campingplatz-nord-west.de\/wp\/wp-content\/uploads\/tm-logo.gif\" alt=\"Logo mit dem Schriftzug &quot;The Munichs Partyband&quot;, einer stilisierten Kirche mit - Das Logo beinhaltet eine stilisierte Kirche mit zwei T\u00fcrmen, die bayrische Fahne und Musiknoten.\"><\/a><br><\/p>\n\n\n\n<div style=\"height:30px\" aria-hidden=\"true\" class=\"wp-block-spacer\"><\/div>\n\n\n\n<p class=\"has-text-align-center\"><a href=\"https:\/\/www.bffl-muenchen.com\/\" target=\"_blank\" rel=\"noreferrer noopener\"><img loading=\"lazy\" decoding=\"async\" width=\"150\" height=\"150\" class=\"wp-image-63\" style=\"width: 150px;\" src=\"https:\/\/campingplatz-nord-west.de\/wp\/wp-content\/uploads\/bffl.png\" alt=\"Logo - Eine schwarz-wei\u00dfe Zeichnung innerhalb eines schwarz umrahmten Dreiecks, nur die Sonne ist gelb eingef\u00e4rbt: Eine stilisierte nackte Frau l\u00e4uft vor der aufgehenden Sonne, die H\u00e4nde nach oben gestreckt und den Kopf in den Nacken gelegt.\" srcset=\"https:\/\/campingplatz-nord-west.de\/wp\/wp-content\/uploads\/bffl.png 150w, https:\/\/campingplatz-nord-west.de\/wp\/wp-content\/uploads\/bffl-67x67.png 67w, https:\/\/campingplatz-nord-west.de\/wp\/wp-content\/uploads\/bffl-60x60.png 60w\" sizes=\"auto, (max-width: 150px) 100vw, 150px\" \/><\/a><br><a href=\"https:\/\/www.bffl-muenchen.com\/\" target=\"_blank\" rel=\"noreferrer noopener\"><mark style=\"background-color:rgba(0, 0, 0, 0);color:#034d8c\" class=\"has-inline-color\">Bund f\u00fcr freie Lebensgestaltung BffL M\u00fcnchen \u2013 Hebertshausen e.V. <\/mark><\/a><\/p>\n\n\n\n<div style=\"height:30px\" aria-hidden=\"true\" class=\"wp-block-spacer\"><\/div>\n\n\n\n<p class=\"has-text-align-center\">\u00a0<a href=\"https:\/\/narrhalla-oberschleissheim.de\/\" target=\"_blank\" rel=\"noreferrer noopener\"><img loading=\"lazy\" decoding=\"async\" width=\"346\" height=\"163\" class=\"wp-image-301\" style=\"width: 346px;\" src=\"https:\/\/campingplatz-nord-west.de\/wp\/wp-content\/uploads\/logo-narrhalla.jpg\" alt=\"Logo - Narrhalla Oberschlei\u00dfheim e.V. - www.narrhalla-oberschleissheim.de\" srcset=\"https:\/\/campingplatz-nord-west.de\/wp\/wp-content\/uploads\/logo-narrhalla.jpg 300w, https:\/\/campingplatz-nord-west.de\/wp\/wp-content\/uploads\/logo-narrhalla-128x60.jpg 128w\" sizes=\"auto, (max-width: 346px) 100vw, 346px\" \/><\/a><\/p>\n\n\n\n<div style=\"height:30px\" aria-hidden=\"true\" class=\"wp-block-spacer\"><\/div>\n\n\n\n<p class=\"has-text-align-center\"><a href=\"https:\/\/roadsurfer.com\/de\/\" target=\"_blank\" rel=\"noreferrer noopener\"><img loading=\"lazy\" decoding=\"async\" width=\"284\" height=\"285\" class=\"wp-image-400\" style=\"width: 284px;\" src=\"https:\/\/campingplatz-nord-west.de\/wp\/wp-content\/uploads\/200316_roadsurfer_Siegel_72dpi_Siegel.png\" alt=\"Siegel Best Campsite 2020 - Proved by Roadsurfer - roadsurfer.com\" srcset=\"https:\/\/campingplatz-nord-west.de\/wp\/wp-content\/uploads\/200316_roadsurfer_Siegel_72dpi_Siegel.png 284w, https:\/\/campingplatz-nord-west.de\/wp\/wp-content\/uploads\/200316_roadsurfer_Siegel_72dpi_Siegel-67x67.png 67w, https:\/\/campingplatz-nord-west.de\/wp\/wp-content\/uploads\/200316_roadsurfer_Siegel_72dpi_Siegel-60x60.png 60w\" sizes=\"auto, (max-width: 284px) 100vw, 284px\" \/><\/a><br><\/p>\n","protected":false},"excerpt":{"rendered":"<p>Bund f\u00fcr freie Lebensgestaltung BffL M\u00fcnchen \u2013 Hebertshausen e.V. \u00a0<\/p>\n","protected":false},"author":1,"featured_media":0,"parent":0,"menu_order":0,"comment_status":"closed","ping_status":"closed","template":"","meta":{"footnotes":""},"class_list":["post-232","page","type-page","status-publish","hentry"],"_links":{"self":[{"href":"https:\/\/campingplatz-nord-west.de\/en\/wp-json\/wp\/v2\/pages\/232","targetHints":{"allow":["GET"]}}],"collection":[{"href":"https:\/\/campingplatz-nord-west.de\/en\/wp-json\/wp\/v2\/pages"}],"about":[{"href":"https:\/\/campingplatz-nord-west.de\/en\/wp-json\/wp\/v2\/types\/page"}],"author":[{"embeddable":true,"href":"https:\/\/campingplatz-nord-west.de\/en\/wp-json\/wp\/v2\/users\/1"}],"replies":[{"embeddable":true,"href":"https:\/\/campingplatz-nord-west.de\/en\/wp-json\/wp\/v2\/comments?post=232"}],"version-history":[{"count":6,"href":"https:\/\/campingplatz-nord-west.de\/en\/wp-json\/wp\/v2\/pages\/232\/revisions"}],"predecessor-version":[{"id":979,"href":"https:\/\/campingplatz-nord-west.de\/en\/wp-json\/wp\/v2\/pages\/232\/revisions\/979"}],"wp:attachment":[{"href":"https:\/\/campingplatz-nord-west.de\/en\/wp-json\/wp\/v2\/media?parent=232"}],"curies":[{"name":"wp","href":"https:\/\/api.w.org\/{rel}","templated":true}]}}